{"id":26,"date":"2022-09-18T17:26:19","date_gmt":"2022-09-18T15:26:19","guid":{"rendered":"https:\/\/ncar.cz\/cze\/?page_id=26"},"modified":"2025-06-08T13:21:51","modified_gmt":"2025-06-08T11:21:51","slug":"vozidla","status":"publish","type":"page","link":"https:\/\/ncar.cz\/cze\/","title":{"rendered":""},"content":{"rendered":"\n<p class=\"has-text-align-right\"><a href=\"https:\/\/www.tipcars.com\/ds\/nacar\/\" target=\"_blank\" rel=\"noreferrer noopener\"><img loading=\"lazy\" decoding=\"async\" width=\"27\" height=\"26\" class=\"wp-image-669\" style=\"width: 27px;\" src=\"https:\/\/ncar.cz\/cze\/wp-content\/uploads\/2023\/02\/mobil.png\" alt=\"\"><\/a> <a href=\"https:\/\/www.ncar.cz\/cze\/\"><img loading=\"lazy\" decoding=\"async\" width=\"30\" height=\"26\" class=\"wp-image-670\" style=\"width: 30px;\" src=\"https:\/\/ncar.cz\/cze\/wp-content\/uploads\/2023\/02\/pc.png\" alt=\"\"><\/a><\/p>\n\n\n<p><iframe loading=\"lazy\" name=\"ncar\" width=\"100%\" height=\"800\" frameborder=\"0\" scrolling=\"auto\" src=\"http:\/\/www.tipcars.com\/ds\/nacar\/?tv=f&amp;hb=n&amp;lb=n&amp;zv=a&amp;hl=n&amp;ti=n\"><\/iframe><\/p>\n\n\n\n<p class=\"has-text-align-right\"><a href=\"https:\/\/www.toplist.cz\"><script language=\"JavaScript\" type=\"text\/javascript\" charset=\"utf-8\">\n<!--\ndocument.write('<img loading=\"lazy\" decoding=\"async\" src=\"https:\/\/toplist.cz\/count.asp?id=1028019&logo=mc&start=514206&http='+\nencodeURIComponent(document.referrer)+'&t='+encodeURIComponent(document.title)+'&l='+encodeURIComponent(document.URL)+\n'&wi='+encodeURIComponent(window.screen.width)+'&he='+encodeURIComponent(window.screen.height)+'&cd='+\nencodeURIComponent(window.screen.colorDepth)+'\" width=\"88\" height=\"60\" border=0 alt=\"TOPlist\" \/>');\n\/\/--><\/script><noscript><img loading=\"lazy\" decoding=\"async\" src=\"https:\/\/toplist.cz\/count.asp?id=1028019&amp;logo=mc&amp;start=514206&amp;njs=1\" border=\"0\" alt=\"TOPlist\" width=\"88\" height=\"60\"><\/noscript><\/a><\/p>\n","protected":false},"excerpt":{"rendered":"","protected":false},"author":1,"featured_media":0,"parent":0,"menu_order":0,"comment_status":"closed","ping_status":"closed","template":"","meta":{"_regular_price":[],"currency_symbol":[],"footnotes":""},"class_list":["post-26","page","type-page","status-publish","hentry"],"post_slider_layout_featured_media_urls":{"thumbnail":"","post_slider_layout_landscape_large":"","post_slider_layout_portrait_large":"","post_slider_layout_square_large":"","post_slider_layout_landscape":"","post_slider_layout_portrait":"","post_slider_layout_square":"","full":""},"yoast_head":"<!-- This site is optimized with the Yoast SEO plugin v24.9 - https:\/\/yoast.com\/wordpress\/plugins\/seo\/ -->\n<title>- ncar.cz<\/title>\n<meta name=\"robots\" content=\"index, follow, max-snippet:-1, max-image-preview:large, max-video-preview:-1\" \/>\n<link rel=\"canonical\" href=\"https:\/\/ncar.cz\/cze\/\" \/>\n<meta property=\"og:locale\" content=\"cs_CZ\" \/>\n<meta property=\"og:type\" content=\"article\" \/>\n<meta property=\"og:title\" content=\"- ncar.cz\" \/>\n<meta property=\"og:url\" content=\"https:\/\/ncar.cz\/cze\/\" \/>\n<meta property=\"og:site_name\" content=\"ncar.cz\" \/>\n<meta property=\"article:modified_time\" content=\"2025-06-08T11:21:51+00:00\" \/>\n<meta property=\"og:image\" content=\"https:\/\/ncar.cz\/cze\/wp-content\/uploads\/2023\/02\/mobil.png\" \/>\n\t<meta property=\"og:image:width\" content=\"44\" \/>\n\t<meta property=\"og:image:height\" content=\"43\" \/>\n\t<meta property=\"og:image:type\" content=\"image\/png\" \/>\n<meta name=\"twitter:card\" content=\"summary_large_image\" \/>\n<meta name=\"twitter:label1\" content=\"Odhadovan\u00e1 doba \u010dten\u00ed\" \/>\n\t<meta name=\"twitter:data1\" content=\"1 minuta\" \/>\n<script type=\"application\/ld+json\" class=\"yoast-schema-graph\">{\"@context\":\"https:\/\/schema.org\",\"@graph\":[{\"@type\":\"WebPage\",\"@id\":\"https:\/\/ncar.cz\/cze\/\",\"url\":\"https:\/\/ncar.cz\/cze\/\",\"name\":\"- ncar.cz\",\"isPartOf\":{\"@id\":\"https:\/\/ncar.cz\/cze\/#website\"},\"primaryImageOfPage\":{\"@id\":\"https:\/\/ncar.cz\/cze\/#primaryimage\"},\"image\":{\"@id\":\"https:\/\/ncar.cz\/cze\/#primaryimage\"},\"thumbnailUrl\":\"https:\/\/ncar.cz\/cze\/wp-content\/uploads\/2023\/02\/mobil.png\",\"datePublished\":\"2022-09-18T15:26:19+00:00\",\"dateModified\":\"2025-06-08T11:21:51+00:00\",\"inLanguage\":\"cs\",\"potentialAction\":[{\"@type\":\"ReadAction\",\"target\":[\"https:\/\/ncar.cz\/cze\/\"]}]},{\"@type\":\"ImageObject\",\"inLanguage\":\"cs\",\"@id\":\"https:\/\/ncar.cz\/cze\/#primaryimage\",\"url\":\"https:\/\/ncar.cz\/cze\/wp-content\/uploads\/2023\/02\/mobil.png\",\"contentUrl\":\"https:\/\/ncar.cz\/cze\/wp-content\/uploads\/2023\/02\/mobil.png\",\"width\":44,\"height\":43},{\"@type\":\"WebSite\",\"@id\":\"https:\/\/ncar.cz\/cze\/#website\",\"url\":\"https:\/\/ncar.cz\/cze\/\",\"name\":\"ncar.cz\",\"description\":\"autobazar\",\"publisher\":{\"@id\":\"https:\/\/ncar.cz\/cze\/#organization\"},\"potentialAction\":[{\"@type\":\"SearchAction\",\"target\":{\"@type\":\"EntryPoint\",\"urlTemplate\":\"https:\/\/ncar.cz\/cze\/?s={search_term_string}\"},\"query-input\":{\"@type\":\"PropertyValueSpecification\",\"valueRequired\":true,\"valueName\":\"search_term_string\"}}],\"inLanguage\":\"cs\"},{\"@type\":\"Organization\",\"@id\":\"https:\/\/ncar.cz\/cze\/#organization\",\"name\":\"ncar.cz\",\"url\":\"https:\/\/ncar.cz\/cze\/\",\"logo\":{\"@type\":\"ImageObject\",\"inLanguage\":\"cs\",\"@id\":\"https:\/\/ncar.cz\/cze\/#\/schema\/logo\/image\/\",\"url\":\"https:\/\/ncar.cz\/cze\/wp-content\/uploads\/2022\/10\/cropped-logo.png\",\"contentUrl\":\"https:\/\/ncar.cz\/cze\/wp-content\/uploads\/2022\/10\/cropped-logo.png\",\"width\":240,\"height\":120,\"caption\":\"ncar.cz\"},\"image\":{\"@id\":\"https:\/\/ncar.cz\/cze\/#\/schema\/logo\/image\/\"}}]}<\/script>\n<!-- \/ Yoast SEO plugin. -->","yoast_head_json":{"title":"- ncar.cz","robots":{"index":"index","follow":"follow","max-snippet":"max-snippet:-1","max-image-preview":"max-image-preview:large","max-video-preview":"max-video-preview:-1"},"canonical":"https:\/\/ncar.cz\/cze\/","og_locale":"cs_CZ","og_type":"article","og_title":"- ncar.cz","og_url":"https:\/\/ncar.cz\/cze\/","og_site_name":"ncar.cz","article_modified_time":"2025-06-08T11:21:51+00:00","og_image":[{"width":44,"height":43,"url":"https:\/\/ncar.cz\/cze\/wp-content\/uploads\/2023\/02\/mobil.png","type":"image\/png"}],"twitter_card":"summary_large_image","twitter_misc":{"Odhadovan\u00e1 doba \u010dten\u00ed":"1 minuta"},"schema":{"@context":"https:\/\/schema.org","@graph":[{"@type":"WebPage","@id":"https:\/\/ncar.cz\/cze\/","url":"https:\/\/ncar.cz\/cze\/","name":"- ncar.cz","isPartOf":{"@id":"https:\/\/ncar.cz\/cze\/#website"},"primaryImageOfPage":{"@id":"https:\/\/ncar.cz\/cze\/#primaryimage"},"image":{"@id":"https:\/\/ncar.cz\/cze\/#primaryimage"},"thumbnailUrl":"https:\/\/ncar.cz\/cze\/wp-content\/uploads\/2023\/02\/mobil.png","datePublished":"2022-09-18T15:26:19+00:00","dateModified":"2025-06-08T11:21:51+00:00","inLanguage":"cs","potentialAction":[{"@type":"ReadAction","target":["https:\/\/ncar.cz\/cze\/"]}]},{"@type":"ImageObject","inLanguage":"cs","@id":"https:\/\/ncar.cz\/cze\/#primaryimage","url":"https:\/\/ncar.cz\/cze\/wp-content\/uploads\/2023\/02\/mobil.png","contentUrl":"https:\/\/ncar.cz\/cze\/wp-content\/uploads\/2023\/02\/mobil.png","width":44,"height":43},{"@type":"WebSite","@id":"https:\/\/ncar.cz\/cze\/#website","url":"https:\/\/ncar.cz\/cze\/","name":"ncar.cz","description":"autobazar","publisher":{"@id":"https:\/\/ncar.cz\/cze\/#organization"},"potentialAction":[{"@type":"SearchAction","target":{"@type":"EntryPoint","urlTemplate":"https:\/\/ncar.cz\/cze\/?s={search_term_string}"},"query-input":{"@type":"PropertyValueSpecification","valueRequired":true,"valueName":"search_term_string"}}],"inLanguage":"cs"},{"@type":"Organization","@id":"https:\/\/ncar.cz\/cze\/#organization","name":"ncar.cz","url":"https:\/\/ncar.cz\/cze\/","logo":{"@type":"ImageObject","inLanguage":"cs","@id":"https:\/\/ncar.cz\/cze\/#\/schema\/logo\/image\/","url":"https:\/\/ncar.cz\/cze\/wp-content\/uploads\/2022\/10\/cropped-logo.png","contentUrl":"https:\/\/ncar.cz\/cze\/wp-content\/uploads\/2022\/10\/cropped-logo.png","width":240,"height":120,"caption":"ncar.cz"},"image":{"@id":"https:\/\/ncar.cz\/cze\/#\/schema\/logo\/image\/"}}]}},"_links":{"self":[{"href":"https:\/\/ncar.cz\/cze\/wp-json\/wp\/v2\/pages\/26","targetHints":{"allow":["GET"]}}],"collection":[{"href":"https:\/\/ncar.cz\/cze\/wp-json\/wp\/v2\/pages"}],"about":[{"href":"https:\/\/ncar.cz\/cze\/wp-json\/wp\/v2\/types\/page"}],"author":[{"embeddable":true,"href":"https:\/\/ncar.cz\/cze\/wp-json\/wp\/v2\/users\/1"}],"replies":[{"embeddable":true,"href":"https:\/\/ncar.cz\/cze\/wp-json\/wp\/v2\/comments?post=26"}],"version-history":[{"count":89,"href":"https:\/\/ncar.cz\/cze\/wp-json\/wp\/v2\/pages\/26\/revisions"}],"predecessor-version":[{"id":705,"href":"https:\/\/ncar.cz\/cze\/wp-json\/wp\/v2\/pages\/26\/revisions\/705"}],"wp:attachment":[{"href":"https:\/\/ncar.cz\/cze\/wp-json\/wp\/v2\/media?parent=26"}],"curies":[{"name":"wp","href":"https:\/\/api.w.org\/{rel}","templated":true}]}}