{"id":41,"date":"2022-09-18T18:07:10","date_gmt":"2022-09-18T16:07:10","guid":{"rendered":"https:\/\/ncar.cz\/cze\/?page_id=41"},"modified":"2023-02-27T14:56:29","modified_gmt":"2023-02-27T13:56:29","slug":"kontakt","status":"publish","type":"page","link":"https:\/\/ncar.cz\/cze\/kontakt\/","title":{"rendered":"kontakt"},"content":{"rendered":"\n<div style=\"height:50px\" aria-hidden=\"true\" class=\"wp-block-spacer\"><\/div>\n\n\n\n<div class=\"wp-block-columns has-white-background-color has-text-color has-background is-layout-flex wp-container-core-columns-is-layout-9d6595d7 wp-block-columns-is-layout-flex\" style=\"color:#000000\">\n<div class=\"wp-block-column is-layout-flow wp-block-column-is-layout-flow\" style=\"flex-basis:50%\">\n<h3 class=\"has-black-color has-text-color wp-block-heading\" style=\"font-size:24px;line-height:1.3\"><img loading=\"lazy\" decoding=\"async\" width=\"35\" height=\"35\" class=\"wp-image-173\" style=\"width: 35px;\" src=\"https:\/\/ncar.cz\/cze\/wp-content\/uploads\/2022\/09\/city.png\" alt=\"\"><strong>   <\/strong>S\u00eddlo firmy:<\/h3>\n\n\n\n<div style=\"height:20px\" aria-hidden=\"true\" class=\"wp-block-spacer\"><\/div>\n\n\n\n<p>Sklensk\u00fd vrch 739<br>CZ-35701 Rotava<\/p>\n\n\n\n<div style=\"height:20px\" aria-hidden=\"true\" class=\"wp-block-spacer\"><\/div>\n\n\n\n<p><strong>I\u010cO<\/strong>: 63530422<br><strong>DI\u010c<\/strong>: CZ7503012253<\/p>\n\n\n\n<p><strong>Banka:<\/strong> \u010cesk\u00e1 Spo\u0159itelna a.s., 0806478329 \/ 0800<\/p>\n\n\n\n<div style=\"height:20px\" aria-hidden=\"true\" class=\"wp-block-spacer\"><\/div>\n\n\n\n<p><img loading=\"lazy\" decoding=\"async\" width=\"20\" height=\"20\" class=\"wp-image-42\" style=\"width: 20px;\" src=\"https:\/\/ncar.cz\/cze\/wp-content\/uploads\/2022\/09\/telefon.png\" alt=\"\">   (+420) 777 904 040,   (+420) 608 904 041<\/p>\n\n\n\n<p><img loading=\"lazy\" decoding=\"async\" width=\"20\" height=\"20\" class=\"wp-image-43\" style=\"width: 20px;\" src=\"https:\/\/ncar.cz\/cze\/wp-content\/uploads\/2022\/09\/mail.png\" alt=\"\">   info@ncar.cz,   mm.novotny@tiscali.cz<\/p>\n\n\n\n<div style=\"height:50px\" aria-hidden=\"true\" class=\"wp-block-spacer\"><\/div>\n\n\n\n<h3 class=\"has-black-color has-text-color wp-block-heading\" style=\"font-size:24px;line-height:1.3\"><strong>\ud83d\udc41\u200d\ud83d\udde8   <\/strong>Sklad vozidel:<\/h3>\n\n\n\n<p>Rybn\u00e1 2024, 358 01 Kraslice (rezervujte si term\u00edn)<\/p>\n\n\n\n<div class=\"wp-block-ive-google-map alignnone ive_google_map_6f605d-ff\"><div id=\"overlay\" style=\"cursor:pointer\"><\/div><div class=\"ive-google-map__wrap\" id=\"ive-google-map-af6f605d-ff87-448e-9236-3b00f1f7de02\"><iframe class=\"ive-google-map__iframe\" src=\"https:\/\/maps.google.com\/maps?q=Rybn%C3%A1%202024%2C%20358%2001%20Kraslice&amp;t=&amp;z=12&amp;ie=UTF8&amp;iwloc=&amp;output=embed\" style=\"height:350px;width:100%;opacity:1\"><\/iframe><\/div><\/div>\n\n\n\n<div style=\"height:20px\" aria-hidden=\"true\" class=\"wp-block-spacer\"><\/div>\n<\/div>\n\n\n\n<div class=\"wp-block-column is-vertically-aligned-top is-layout-flow wp-block-column-is-layout-flow\" style=\"flex-basis:50%\">\n<div class=\"wp-block-columns is-layout-flex wp-container-core-columns-is-layout-9d6595d7 wp-block-columns-is-layout-flex\">\n<div class=\"wp-block-column is-layout-flow wp-block-column-is-layout-flow\" style=\"flex-basis:10%\"><\/div>\n\n\n\n<div class=\"wp-block-column is-layout-flow wp-block-column-is-layout-flow\" style=\"flex-basis:80%\">\n<h3 class=\"has-black-color has-text-color wp-block-heading\" style=\"font-size:24px;line-height:1.3\"><img loading=\"lazy\" decoding=\"async\" width=\"50\" height=\"40\" class=\"wp-image-162\" style=\"width: 50px;\" src=\"https:\/\/ncar.cz\/cze\/wp-content\/uploads\/2022\/09\/obalka.png\" alt=\"\">   Va\u0161e zpr\u00e1va (vzkaz):<\/h3>\n\n\n\n<hr class=\"wp-block-separator has-text-color has-vivid-cyan-blue-color has-alpha-channel-opacity has-vivid-cyan-blue-background-color has-background\"\/>\n\n\n\n<div style=\"height:50px\" aria-hidden=\"true\" class=\"wp-block-spacer\"><\/div>\n\n\n<form method=\"post\" id=\"cntctfrm_contact_form\" class=\"cntctfrm_contact_form cntctfrm_one_column cntctfrm_ltr cntctfrm_width_custom\" action=\"\/cze\/wp-json\/wp\/v2\/pages\/41#cntctfrm_contact_form\" enctype=\"multipart\/form-data\"><div id=\"cntctfrm_first_column\" class=\"cntctfrm_column\"><div class=\"cntctfrm_field_wrap cntctfrm_field_email_wrap\"email><div class=\"cntctfrm_label cntctfrm_label_email\">\n\t\t\t\t\t\t\t\t\t\t<label for=\"cntctfrm_contact_email\">E-mailov\u00e1 adresa: <span class=\"required\">*<\/span><\/label>\n\t\t\t\t\t\t\t\t\t<\/div><div class=\"cntctfrm_input cntctfrm_input_email\">\n\t\t\t\t\t\t\t\t\t\t<input email class=\"text\" type=\"text\" size=\"40\" value=\"\" name=\"cntctfrm_contact_email\" id=\"cntctfrm_contact_email\" \/><\/div><\/div><div class=\"cntctfrm_field_wrap cntctfrm_field_phone_wrap\"><div class=\"cntctfrm_label cntctfrm_label_phone\">\n\t\t\t\t\t\t\t\t\t\t\t<label for=\"cntctfrm_contact_phone\">Telefonn\u00ed \u010d\u00edslo: <span class=\"required\">*<\/span><\/label>\n\t\t\t\t\t\t\t\t\t\t<\/div><div class=\"cntctfrm_input cntctfrm_input_phone\">\n\t\t\t\t\t\t\t\t\t\t<input class=\"text\" type=\"text\" size=\"40\" value=\"\" name=\"cntctfrm_contact_phone\" id=\"cntctfrm_contact_phone\" \/><\/div><\/div><div class=\"cntctfrm_field_wrap cntctfrm_field_subject_wrap\"subject><div class=\"cntctfrm_label cntctfrm_label_subject\">\n\t\t\t\t\t\t\t\t\t\t<label for=\"cntctfrm_contact_subject\">P\u0159edm\u011bt: <span class=\"required\">*<\/span><\/label>\n\t\t\t\t\t\t\t\t\t<\/div><div class=\"cntctfrm_input cntctfrm_input_subject\">\n\t\t\t\t\t\t\t\t\t<input subjectclass=\"text\" type=\"text\" size=\"40\" value=\"\" name=\"cntctfrm_contact_subject\" id=\"cntctfrm_contact_subject\" \/><\/div><\/div><div class=\"cntctfrm_field_wrap cntctfrm_field_message_wrap\"message><div class=\"cntctfrm_label cntctfrm_label_message\">\n\t\t\t\t\t\t\t\t\t<label for=\"cntctfrm_contact_message\">Zpr\u00e1va: <span class=\"required\">*<\/span><\/label>\n\t\t\t\t\t\t\t\t<\/div><div class=\"cntctfrm_input cntctfrm_input_message\">\n\t\t\t\t\t\t\t\t\t<textarea message rows=\"5\" cols=\"30\" name=\"cntctfrm_contact_message\" id=\"cntctfrm_contact_message\"><\/textarea><\/div><\/div><div class=\"cntctfrm_field_wrap cntctfrm_field_attachment_wrap\"><div class=\"cntctfrm_checkbox cntctfrm_checkbox_gdpr\">\n\t\t\t\t\t\t\t\t\t\t<input type=\"checkbox\" value=\"\" required name=\"cntctfrm_contact_gdpr\" id=\"cntctfrm_contact_gdpr\" \/>\n\t\t\t\t\t\t\t\t\t\t<label for=\"cntctfrm_contact_gdpr\">Souhlas\u00edm, aby tento web shroma\u017e\u010foval moje osobn\u00ed data.<\/label> <a target=\"_blank\" href=\"https:\/\/ncar.cz\/cze\/ochrana-osobnich-udaju\/\">Dozv\u011bd\u011bt se v\u00edce<\/a><\/div><\/div><div class=\"cntctfrm_field_wrap cntctfrm_field_captcha_wrap\"><div class=\"cntctfrm_label cntctfrm_label_captcha\">\n\t\t\t\t\t\t\t\t\t\t\t<label><\/label>\n\t\t\t\t\t\t\t\t\t\t<\/div><div class=\"cntctfrm_input cntctfrm_input_captcha\"><div class=\"gglcptch gglcptch_v2\"><div id=\"gglcptch_recaptcha_1778189839\" class=\"gglcptch_recaptcha\"><\/div>\r\n\t\t\t\t<noscript>\r\n\t\t\t\t\t<div style=\"width: 302px;\">\r\n\t\t\t\t\t\t<div style=\"width: 302px; height: 422px; position: relative;\">\r\n\t\t\t\t\t\t\t<div style=\"width: 302px; height: 422px; position: absolute;\">\r\n\t\t\t\t\t\t\t\t<iframe src=\"https:\/\/www.google.com\/recaptcha\/api\/fallback?k=6LfoljEiAAAAAPJiTq6EezyCd2Y61r-jh6Mi-_dW\" frameborder=\"0\" scrolling=\"no\" style=\"width: 302px; height:422px; border-style: none;\"><\/iframe>\r\n\t\t\t\t\t\t\t<\/div>\r\n\t\t\t\t\t\t<\/div>\r\n\t\t\t\t\t\t<div style=\"border-style: none; bottom: 12px; left: 25px; margin: 0px; padding: 0px; right: 25px; background: #f9f9f9; border: 1px solid #c1c1c1; border-radius: 3px; height: 60px; width: 300px;\">\r\n\t\t\t\t\t\t\t<textarea id=\"g-recaptcha-response\" name=\"g-recaptcha-response\" class=\"g-recaptcha-response\" style=\"width: 250px !important; height: 40px !important; border: 1px solid #c1c1c1 !important; margin: 10px 25px !important; padding: 0px !important; resize: none !important;\"><\/textarea>\r\n\t\t\t\t\t\t<\/div>\r\n\t\t\t\t\t<\/div>\r\n\t\t\t\t<\/noscript><\/div><\/div><\/div><\/div><div class=\"clear\"><\/div><div class=\"cntctfrm_submit_wrap\"><div id=\"cntctfrm_submit_first_column\" class=\"cntctfrm_column\"><div class=\"cntctfrm_input cntctfrm_input_submit\"><input type=\"hidden\" value=\"send\" name=\"cntctfrm_contact_action\">\n\t\t\t\t\t\t\t<input type=\"hidden\" value=\"default\" name=\"cntctfrm_language\">\n\t\t\t\t\t\t\t<input type=\"hidden\" value=\"1\" name=\"cntctfrm_form_submited\">\n\t\t\t\t\t\t\t<input type=\"hidden\" value=\"cntctfrm_options\" name=\"cntctfrm_options_name\">\n\t\t\t\t\t\t\t<input type=\"submit\" value=\"Odeslat\" class=\"cntctfrm_contact_submit\" \/>\n\t\t\t\t\t\t<\/div><\/div><div id=\"cntctfrm_submit_second_column\" class=\"cntctfrm_column\"><\/div><div class=\"clear\"><\/div>\n\t\t\t<\/div>\n\t\t\t<\/form>\n\n\n\n<p><\/p>\n<\/div>\n\n\n\n<div class=\"wp-block-column is-layout-flow wp-block-column-is-layout-flow\" style=\"flex-basis:10%\"><\/div>\n<\/div>\n\n\n\n<div style=\"height:30px\" aria-hidden=\"true\" class=\"wp-block-spacer\"><\/div>\n\n\n\n<div style=\"height:0px\" aria-hidden=\"true\" class=\"wp-block-spacer\"><\/div>\n<\/div>\n<\/div>\n\n\n\n<div style=\"height:20px\" aria-hidden=\"true\" class=\"wp-block-spacer\"><\/div>\n","protected":false},"excerpt":{"rendered":"<p>S\u00eddlo firmy: Sklensk\u00fd vrch 739CZ-35701 Rotava I\u010cO: 63530422DI\u010c: CZ7503012253 Banka: \u010cesk\u00e1 Spo\u0159itelna a.s., 0806478329 \/ 0800 (+420) 777 904 040, (+420) 608 904 041 info@ncar.cz, mm.novotny@tiscali.cz \ud83d\udc41\u200d\ud83d\udde8 Sklad vozidel: Rybn\u00e1 2024, 358 01 Kraslice (rezervujte si term\u00edn) Va\u0161e zpr\u00e1va (vzkaz):<\/p>\n","protected":false},"author":1,"featured_media":0,"parent":0,"menu_order":0,"comment_status":"closed","ping_status":"closed","template":"","meta":{"_regular_price":[],"currency_symbol":[],"footnotes":""},"class_list":["post-41","page","type-page","status-publish","hentry"],"post_slider_layout_featured_media_urls":{"thumbnail":"","post_slider_layout_landscape_large":"","post_slider_layout_portrait_large":"","post_slider_layout_square_large":"","post_slider_layout_landscape":"","post_slider_layout_portrait":"","post_slider_layout_square":"","full":""},"yoast_head":"<!-- This site is optimized with the Yoast SEO plugin v24.9 - https:\/\/yoast.com\/wordpress\/plugins\/seo\/ -->\n<title>kontakt - ncar.cz<\/title>\n<meta name=\"robots\" content=\"index, follow, max-snippet:-1, max-image-preview:large, max-video-preview:-1\" \/>\n<link rel=\"canonical\" href=\"https:\/\/ncar.cz\/cze\/kontakt\/\" \/>\n<meta property=\"og:locale\" content=\"cs_CZ\" \/>\n<meta property=\"og:type\" content=\"article\" \/>\n<meta property=\"og:title\" content=\"kontakt - ncar.cz\" \/>\n<meta property=\"og:description\" content=\"S\u00eddlo firmy: Sklensk\u00fd vrch 739CZ-35701 Rotava I\u010cO: 63530422DI\u010c: CZ7503012253 Banka: \u010cesk\u00e1 Spo\u0159itelna a.s., 0806478329 \/ 0800 (+420) 777 904 040, (+420) 608 904 041 info@ncar.cz, mm.novotny@tiscali.cz \ud83d\udc41\u200d\ud83d\udde8 Sklad vozidel: Rybn\u00e1 2024, 358 01 Kraslice (rezervujte si term\u00edn) Va\u0161e zpr\u00e1va (vzkaz):\" \/>\n<meta property=\"og:url\" content=\"https:\/\/ncar.cz\/cze\/kontakt\/\" \/>\n<meta property=\"og:site_name\" content=\"ncar.cz\" \/>\n<meta property=\"article:modified_time\" content=\"2023-02-27T13:56:29+00:00\" \/>\n<meta property=\"og:image\" content=\"https:\/\/ncar.cz\/cze\/wp-content\/uploads\/2022\/09\/city.png\" \/>\n<meta name=\"twitter:card\" content=\"summary_large_image\" \/>\n<meta name=\"twitter:label1\" content=\"Odhadovan\u00e1 doba \u010dten\u00ed\" \/>\n\t<meta name=\"twitter:data1\" content=\"2 minuty\" \/>\n<script type=\"application\/ld+json\" class=\"yoast-schema-graph\">{\"@context\":\"https:\/\/schema.org\",\"@graph\":[{\"@type\":\"WebPage\",\"@id\":\"https:\/\/ncar.cz\/cze\/kontakt\/\",\"url\":\"https:\/\/ncar.cz\/cze\/kontakt\/\",\"name\":\"kontakt - ncar.cz\",\"isPartOf\":{\"@id\":\"https:\/\/ncar.cz\/cze\/#website\"},\"primaryImageOfPage\":{\"@id\":\"https:\/\/ncar.cz\/cze\/kontakt\/#primaryimage\"},\"image\":{\"@id\":\"https:\/\/ncar.cz\/cze\/kontakt\/#primaryimage\"},\"thumbnailUrl\":\"https:\/\/ncar.cz\/cze\/wp-content\/uploads\/2022\/09\/city.png\",\"datePublished\":\"2022-09-18T16:07:10+00:00\",\"dateModified\":\"2023-02-27T13:56:29+00:00\",\"breadcrumb\":{\"@id\":\"https:\/\/ncar.cz\/cze\/kontakt\/#breadcrumb\"},\"inLanguage\":\"cs\",\"potentialAction\":[{\"@type\":\"ReadAction\",\"target\":[\"https:\/\/ncar.cz\/cze\/kontakt\/\"]}]},{\"@type\":\"ImageObject\",\"inLanguage\":\"cs\",\"@id\":\"https:\/\/ncar.cz\/cze\/kontakt\/#primaryimage\",\"url\":\"https:\/\/ncar.cz\/cze\/wp-content\/uploads\/2022\/09\/city.png\",\"contentUrl\":\"https:\/\/ncar.cz\/cze\/wp-content\/uploads\/2022\/09\/city.png\",\"width\":25,\"height\":25},{\"@type\":\"BreadcrumbList\",\"@id\":\"https:\/\/ncar.cz\/cze\/kontakt\/#breadcrumb\",\"itemListElement\":[{\"@type\":\"ListItem\",\"position\":1,\"name\":\"Dom\u016f\",\"item\":\"https:\/\/ncar.cz\/cze\/\"},{\"@type\":\"ListItem\",\"position\":2,\"name\":\"kontakt\"}]},{\"@type\":\"WebSite\",\"@id\":\"https:\/\/ncar.cz\/cze\/#website\",\"url\":\"https:\/\/ncar.cz\/cze\/\",\"name\":\"ncar.cz\",\"description\":\"autobazar\",\"publisher\":{\"@id\":\"https:\/\/ncar.cz\/cze\/#organization\"},\"potentialAction\":[{\"@type\":\"SearchAction\",\"target\":{\"@type\":\"EntryPoint\",\"urlTemplate\":\"https:\/\/ncar.cz\/cze\/?s={search_term_string}\"},\"query-input\":{\"@type\":\"PropertyValueSpecification\",\"valueRequired\":true,\"valueName\":\"search_term_string\"}}],\"inLanguage\":\"cs\"},{\"@type\":\"Organization\",\"@id\":\"https:\/\/ncar.cz\/cze\/#organization\",\"name\":\"ncar.cz\",\"url\":\"https:\/\/ncar.cz\/cze\/\",\"logo\":{\"@type\":\"ImageObject\",\"inLanguage\":\"cs\",\"@id\":\"https:\/\/ncar.cz\/cze\/#\/schema\/logo\/image\/\",\"url\":\"https:\/\/ncar.cz\/cze\/wp-content\/uploads\/2022\/10\/cropped-logo.png\",\"contentUrl\":\"https:\/\/ncar.cz\/cze\/wp-content\/uploads\/2022\/10\/cropped-logo.png\",\"width\":240,\"height\":120,\"caption\":\"ncar.cz\"},\"image\":{\"@id\":\"https:\/\/ncar.cz\/cze\/#\/schema\/logo\/image\/\"}}]}<\/script>\n<!-- \/ Yoast SEO plugin. -->","yoast_head_json":{"title":"kontakt - ncar.cz","robots":{"index":"index","follow":"follow","max-snippet":"max-snippet:-1","max-image-preview":"max-image-preview:large","max-video-preview":"max-video-preview:-1"},"canonical":"https:\/\/ncar.cz\/cze\/kontakt\/","og_locale":"cs_CZ","og_type":"article","og_title":"kontakt - ncar.cz","og_description":"S\u00eddlo firmy: Sklensk\u00fd vrch 739CZ-35701 Rotava I\u010cO: 63530422DI\u010c: CZ7503012253 Banka: \u010cesk\u00e1 Spo\u0159itelna a.s., 0806478329 \/ 0800 (+420) 777 904 040, (+420) 608 904 041 info@ncar.cz, mm.novotny@tiscali.cz \ud83d\udc41\u200d\ud83d\udde8 Sklad vozidel: Rybn\u00e1 2024, 358 01 Kraslice (rezervujte si term\u00edn) Va\u0161e zpr\u00e1va (vzkaz):","og_url":"https:\/\/ncar.cz\/cze\/kontakt\/","og_site_name":"ncar.cz","article_modified_time":"2023-02-27T13:56:29+00:00","og_image":[{"url":"https:\/\/ncar.cz\/cze\/wp-content\/uploads\/2022\/09\/city.png","type":"","width":"","height":""}],"twitter_card":"summary_large_image","twitter_misc":{"Odhadovan\u00e1 doba \u010dten\u00ed":"2 minuty"},"schema":{"@context":"https:\/\/schema.org","@graph":[{"@type":"WebPage","@id":"https:\/\/ncar.cz\/cze\/kontakt\/","url":"https:\/\/ncar.cz\/cze\/kontakt\/","name":"kontakt - ncar.cz","isPartOf":{"@id":"https:\/\/ncar.cz\/cze\/#website"},"primaryImageOfPage":{"@id":"https:\/\/ncar.cz\/cze\/kontakt\/#primaryimage"},"image":{"@id":"https:\/\/ncar.cz\/cze\/kontakt\/#primaryimage"},"thumbnailUrl":"https:\/\/ncar.cz\/cze\/wp-content\/uploads\/2022\/09\/city.png","datePublished":"2022-09-18T16:07:10+00:00","dateModified":"2023-02-27T13:56:29+00:00","breadcrumb":{"@id":"https:\/\/ncar.cz\/cze\/kontakt\/#breadcrumb"},"inLanguage":"cs","potentialAction":[{"@type":"ReadAction","target":["https:\/\/ncar.cz\/cze\/kontakt\/"]}]},{"@type":"ImageObject","inLanguage":"cs","@id":"https:\/\/ncar.cz\/cze\/kontakt\/#primaryimage","url":"https:\/\/ncar.cz\/cze\/wp-content\/uploads\/2022\/09\/city.png","contentUrl":"https:\/\/ncar.cz\/cze\/wp-content\/uploads\/2022\/09\/city.png","width":25,"height":25},{"@type":"BreadcrumbList","@id":"https:\/\/ncar.cz\/cze\/kontakt\/#breadcrumb","itemListElement":[{"@type":"ListItem","position":1,"name":"Dom\u016f","item":"https:\/\/ncar.cz\/cze\/"},{"@type":"ListItem","position":2,"name":"kontakt"}]},{"@type":"WebSite","@id":"https:\/\/ncar.cz\/cze\/#website","url":"https:\/\/ncar.cz\/cze\/","name":"ncar.cz","description":"autobazar","publisher":{"@id":"https:\/\/ncar.cz\/cze\/#organization"},"potentialAction":[{"@type":"SearchAction","target":{"@type":"EntryPoint","urlTemplate":"https:\/\/ncar.cz\/cze\/?s={search_term_string}"},"query-input":{"@type":"PropertyValueSpecification","valueRequired":true,"valueName":"search_term_string"}}],"inLanguage":"cs"},{"@type":"Organization","@id":"https:\/\/ncar.cz\/cze\/#organization","name":"ncar.cz","url":"https:\/\/ncar.cz\/cze\/","logo":{"@type":"ImageObject","inLanguage":"cs","@id":"https:\/\/ncar.cz\/cze\/#\/schema\/logo\/image\/","url":"https:\/\/ncar.cz\/cze\/wp-content\/uploads\/2022\/10\/cropped-logo.png","contentUrl":"https:\/\/ncar.cz\/cze\/wp-content\/uploads\/2022\/10\/cropped-logo.png","width":240,"height":120,"caption":"ncar.cz"},"image":{"@id":"https:\/\/ncar.cz\/cze\/#\/schema\/logo\/image\/"}}]}},"_links":{"self":[{"href":"https:\/\/ncar.cz\/cze\/wp-json\/wp\/v2\/pages\/41","targetHints":{"allow":["GET"]}}],"collection":[{"href":"https:\/\/ncar.cz\/cze\/wp-json\/wp\/v2\/pages"}],"about":[{"href":"https:\/\/ncar.cz\/cze\/wp-json\/wp\/v2\/types\/page"}],"author":[{"embeddable":true,"href":"https:\/\/ncar.cz\/cze\/wp-json\/wp\/v2\/users\/1"}],"replies":[{"embeddable":true,"href":"https:\/\/ncar.cz\/cze\/wp-json\/wp\/v2\/comments?post=41"}],"version-history":[{"count":75,"href":"https:\/\/ncar.cz\/cze\/wp-json\/wp\/v2\/pages\/41\/revisions"}],"predecessor-version":[{"id":696,"href":"https:\/\/ncar.cz\/cze\/wp-json\/wp\/v2\/pages\/41\/revisions\/696"}],"wp:attachment":[{"href":"https:\/\/ncar.cz\/cze\/wp-json\/wp\/v2\/media?parent=41"}],"curies":[{"name":"wp","href":"https:\/\/api.w.org\/{rel}","templated":true}]}}