{"id":84,"date":"2022-09-18T19:39:13","date_gmt":"2022-09-18T17:39:13","guid":{"rendered":"https:\/\/ncar.cz\/cze\/?page_id=84"},"modified":"2022-10-02T18:11:48","modified_gmt":"2022-10-02T16:11:48","slug":"report-cebia","status":"publish","type":"page","link":"https:\/\/ncar.cz\/cze\/report-cebia\/","title":{"rendered":"report Cebia"},"content":{"rendered":"\n<div style=\"height:50px\" aria-hidden=\"true\" class=\"wp-block-spacer\"><\/div>\n\n\n\n<div class=\"wp-block-columns is-layout-flex wp-container-core-columns-is-layout-9d6595d7 wp-block-columns-is-layout-flex\">\n<div class=\"wp-block-column is-layout-flow wp-block-column-is-layout-flow\" style=\"flex-basis:5%\">\n<p><\/p>\n<\/div>\n\n\n\n<div class=\"wp-block-column is-layout-flow wp-block-column-is-layout-flow\" style=\"flex-basis:10%\">\n<p><img loading=\"lazy\" decoding=\"async\" width=\"125\" height=\"125\" class=\"wp-image-254\" style=\"width: 125px;\" src=\"https:\/\/ncar.cz\/cze\/wp-content\/uploads\/2022\/09\/logo-cebia_125.jpg\" alt=\"\"><\/p>\n<\/div>\n\n\n\n<div class=\"wp-block-column is-layout-flow wp-block-column-is-layout-flow\" style=\"flex-basis:80%\">\n<p class=\"has-cyan-bluish-gray-color has-text-color\"><em>dovolujeme si V\u00e1s informovat o mo\u017enosti ov\u011b\u0159en\u00ed p\u016fvodu a historie kupovan\u00e9ho vozidla<\/em><\/p>\n\n\n\n<div style=\"height:20px\" aria-hidden=\"true\" class=\"wp-block-spacer\"><\/div>\n\n\n\n<div style=\"height:20px\" aria-hidden=\"true\" class=\"wp-block-spacer\"><\/div>\n\n\n\n<p class=\"has-text-align-left\"><strong>Spojili jsme se s \u010deskou spole\u010dnost\u00ed Cebia,<\/strong>&nbsp;kter\u00e1 je ji\u017e v\u00edce jak 20 let leaderem na trhu v prov\u011b\u0159ov\u00e1n\u00ed p\u016fvodu a historie ojet\u00fdch vozidel a p\u0159ipravili mo\u017enost ov\u011b\u0159en\u00ed historie vozidla syst\u00e9mem&nbsp;<strong>AUTOTRACER<\/strong>&nbsp;se slevou 100,- K\u010d <\/p>\n\n\n\n<div style=\"height:20px\" aria-hidden=\"true\" class=\"wp-block-spacer\"><\/div>\n\n\n\n<p><strong>VIN k\u00f3d<\/strong>&nbsp;&#8211; Vehicle Identification Number (neboli identifika\u010dn\u00ed \u010d\u00edslo vozidla) je mezin\u00e1rodn\u011b uzn\u00e1van\u00fd jedine\u010dn\u00fd identifik\u00e1tor motorov\u00fdch vozidel. P\u0159\u00edklad:&nbsp;<strong>TMBPD26Y123456789<\/strong><\/p>\n\n\n\n<div class=\"wp-block-ive-ibtana-visual-editorbtn btn-inner-wrap ive-btn-main-parent_aec249-08\"><div class=\"ive-btn-wrap ive-btn-unique_aec249-08 undefined ive-btn-wrap-0 ive-btn-align  text-center text-sm-center text-lg-center text-xl-center \"><a class=\"anchrstyle ive-button-ad_aec249-08 ive-button-0 ive-btn-0-action ive-btn-svg-showalways ive-btn-has-text-true\" href=\"http:\/\/www.zkontrolujsiauto.cz\/?s_vin=TMBXXXXXXAA123456\" target=\"_blank\" rel=\"noreferrer noopener\"><span class=\"ive-btn-inner-text\">prov\u011b\u0159it VIN k\u00f3d<\/span><\/a><\/div><\/div>\n<\/div>\n\n\n\n<div class=\"wp-block-column is-layout-flow wp-block-column-is-layout-flow\" style=\"flex-basis:5%\">\n<p><\/p>\n<\/div>\n<\/div>\n\n\n\n<div style=\"height:50px\" aria-hidden=\"true\" class=\"wp-block-spacer\"><\/div>\n\n\n\n<div style=\"height:0px\" aria-hidden=\"true\" class=\"wp-block-spacer\"><\/div>\n\n\n\n<div class=\"wp-block-columns is-layout-flex wp-container-core-columns-is-layout-9d6595d7 wp-block-columns-is-layout-flex\">\n<div class=\"wp-block-column is-layout-flow wp-block-column-is-layout-flow\">\n<h3 class=\"has-vivid-cyan-blue-color has-text-color wp-block-heading\">AUTOTRACER<\/h3>\n\n\n\n<div style=\"height:20px\" aria-hidden=\"true\" class=\"wp-block-spacer\"><\/div>\n\n\n\n<p>Syst\u00e9m <strong>AUTOTRACER<\/strong> je internetov\u00fd informa\u010dn\u00ed syst\u00e9m, kter\u00fd je ur\u010den\u00fd pro v\u0161echny, kte\u0159\u00ed si cht\u011bj\u00ed prov\u011b\u0159it ojet\u00fd automobil, p\u0159edev\u0161\u00edm p\u0159ed jeho n\u00e1kupem. Syst\u00e9m <strong>AUTOTRACER<\/strong> provozuje Cebia, spol. s r.o. Syst\u00e9m je ur\u010den p\u0159edev\u0161\u00edm motorist\u016fm, ale tak\u00e9 leasingov\u00fdm spole\u010dnostem, poji\u0161\u0165ovn\u00e1m, soudn\u00edm znalc\u016fm a prodejc\u016fm ojet\u00fdch vozidel.<\/p>\n\n\n\n<div style=\"height:50px\" aria-hidden=\"true\" class=\"wp-block-spacer\"><\/div>\n\n\n\n<h3 class=\"has-vivid-cyan-blue-color has-text-color wp-block-heading\">AUTOTRACER poskytuje<\/h3>\n\n\n\n<div style=\"height:20px\" aria-hidden=\"true\" class=\"wp-block-spacer\"><\/div>\n\n\n\n<p>\u2022&nbsp;<strong>1. Kontrolu identifik\u00e1tor\u016f<\/strong>&nbsp;&#8211; obsahuje textov\u00fd a obrazov\u00fd n\u00e1vod, jak v jednotliv\u00fdch kroc\u00edch vybran\u00e9 vozidlo fyzicky zkontrolovat v\u010detn\u011b mo\u017enosti porovnat aktu\u00e1ln\u00ed stav identifik\u00e1tor\u016f s fotografiemi jejich tov\u00e1rn\u00edho proveden\u00ed u dan\u00e9ho modelu.<\/p>\n\n\n\n<p>\u2022&nbsp;<strong>2. V\u00fdpis z historie vozidla<\/strong>&nbsp;&#8211; obsahuje z\u00e1znamy z t\u011bchto oblast\u00ed: rok v\u00fdroby, technick\u00fd popis, z\u00e1znamy a fotografie z dokumentov\u00e1n\u00ed a prov\u011b\u0159ov\u00e1n\u00ed p\u016fvodu nebo p\u016fvodnosti identifik\u00e1tor\u016f vozidla, kontroly odcizen\u00ed v \u010cR, kontroly leasingu, servisn\u00ed z\u00e1znamy, \u010dasov\u00fd v\u00fdvoj stavu tachometru, ad. U ka\u017ed\u00e9ho vozidla bude rozsah informac\u00ed odli\u0161n\u00fd, z\u00e1le\u017e\u00ed na samotn\u00e9 historii prov\u011b\u0159ovan\u00e9ho vozidla.<\/p>\n<\/div>\n\n\n\n<div class=\"wp-block-column is-layout-flow wp-block-column-is-layout-flow\">\n<h3 class=\"has-vivid-cyan-blue-color has-text-color wp-block-heading\">Informace o Cebia spol. s r.o.<\/h3>\n\n\n\n<div style=\"height:20px\" aria-hidden=\"true\" class=\"wp-block-spacer\"><\/div>\n\n\n\n<p>\u2022 Cebia nab\u00edz\u00ed komplexn\u00ed slu\u017ebu <strong>AUTOTRACER<\/strong>, kter\u00e1 je dostupn\u00e1 <strong>on-line<\/strong>.<\/p>\n\n\n\n<p>\u2022 Cebia <strong>disponuje<\/strong> datab\u00e1z\u00ed \u010d\u00edtaj\u00edc\u00ed v\u00edce ne\u017e 525 milion\u016f z\u00e1znam\u016f o <strong>historii<\/strong> vozidel, kter\u00e9 vznikly ve spolupr\u00e1ci s v\u00fdrobci, import\u00e9ry a prodejci automobil\u016f, autoservisy, poji\u0161\u0165ovnami a leasingov\u00fdmi spole\u010dnostmi.<\/p>\n\n\n\n<div style=\"height:20px\" aria-hidden=\"true\" class=\"wp-block-spacer\"><\/div>\n\n\n\n<p>\u2022 Cebia d\u00e1le poskytuje \u0159adu slu\u017eeb pro <strong>prov\u011b\u0159ov\u00e1n\u00ed p\u016fvodu a originality<\/strong> vozidel. Tyto slu\u017eby jsou zam\u011b\u0159eny na odhalov\u00e1n\u00ed z\u00e1vadov\u00fdch vozidel je\u0161t\u011b p\u0159ed jejich zakoupen\u00edm a jsou \u00fa\u010dinn\u00fdm n\u00e1strojem pro bezpe\u010dn\u00fd n\u00e1kup ojet\u00e9ho automobilu.<\/p>\n\n\n\n<p>\u2022 Cebia se na evropsk\u00e9 \u00farovni v\u00fdznamn\u00fdm zp\u016fsobem pod\u00edl\u00ed na formov\u00e1n\u00ed aktivit zam\u011b\u0159en\u00fdch zejm\u00e9na na protikr\u00e1de\u017eov\u00e1 opat\u0159en\u00ed a syst\u00e9my. <strong>Cebia nab\u00edz\u00ed<\/strong> z\u00e1kazn\u00edk\u016fm zabezpe\u010den\u00ed vozidla formou <strong>zna\u010den\u00ed skel<\/strong> n\u011bkolika syst\u00e9my, zejm\u00e9na p\u00edskov\u00e1n\u00ed automobilov\u00fdch skel.<\/p>\n\n\n\n<div style=\"height:20px\" aria-hidden=\"true\" class=\"wp-block-spacer\"><\/div>\n\n\n\n<p>\u2022 Cebia provozuje <strong>telematick\u00fd syst\u00e9m<\/strong> satelitn\u00edho zabezpe\u010den\u00ed a <strong>hl\u00edd\u00e1n\u00ed<\/strong> automobil\u016f Cebia SAT a unik\u00e1tn\u00ed produkt <strong>UNIQA SafeLine<\/strong> pro zabezpe\u010den\u00ed vozidla i jeho pos\u00e1dky spojen\u00fd s autopoji\u0161t\u011bn\u00edm. Toto poji\u0161t\u011bn\u00ed nov\u00e9 generace chr\u00e1n\u00ed nejen automobil p\u0159ed <strong>odcizen\u00edm<\/strong>, ale p\u0159edev\u0161\u00edm <strong>\u017eivot a zdrav\u00ed<\/strong> lid\u00ed v n\u011bm.<\/p>\n<\/div>\n<\/div>\n\n\n\n<div style=\"height:50px\" aria-hidden=\"true\" class=\"wp-block-spacer\"><\/div>\n\n\n\n<figure class=\"wp-block-pullquote has-border-color has-cyan-bluish-gray-border-color has-cyan-bluish-gray-color has-white-background-color has-text-color has-background\" style=\"border-radius:50px\"><blockquote><p><img loading=\"lazy\" decoding=\"async\" width=\"150\" height=\"64\" class=\"wp-image-253\" style=\"width: 150px;\" src=\"https:\/\/ncar.cz\/cze\/wp-content\/uploads\/2022\/09\/logo-cebia-1.png\" alt=\"\"><\/p><p><strong>AUTOTRACER<\/strong><\/p><cite><mark style=\"background-color:rgba(0, 0, 0, 0)\" class=\"has-inline-color has-cyan-bluish-gray-color\">internetov\u00fd informa\u010dn\u00ed syst\u00e9m pro prov\u011b\u0159ov\u00e1n\u00ed p\u016fvodu a originality vozidel<\/mark><\/cite><\/blockquote><\/figure>\n\n\n\n<div style=\"height:50px\" aria-hidden=\"true\" class=\"wp-block-spacer\"><\/div>\n","protected":false},"excerpt":{"rendered":"<p>dovolujeme si V\u00e1s informovat o mo\u017enosti ov\u011b\u0159en\u00ed p\u016fvodu a historie kupovan\u00e9ho vozidla Spojili jsme se s \u010deskou spole\u010dnost\u00ed Cebia,&nbsp;kter\u00e1 je ji\u017e v\u00edce jak 20 let leaderem na trhu v prov\u011b\u0159ov\u00e1n\u00ed p\u016fvodu a historie ojet\u00fdch vozidel a p\u0159ipravili mo\u017enost ov\u011b\u0159en\u00ed historie vozidla syst\u00e9mem&nbsp;AUTOTRACER&nbsp;se slevou 100,- K\u010d VIN k\u00f3d&nbsp;&#8211; Vehicle Identification Number (neboli identifika\u010dn\u00ed \u010d\u00edslo vozidla) je [&hellip;]<\/p>\n","protected":false},"author":1,"featured_media":0,"parent":0,"menu_order":0,"comment_status":"closed","ping_status":"closed","template":"","meta":{"_regular_price":[],"currency_symbol":[],"footnotes":""},"class_list":["post-84","page","type-page","status-publish","hentry"],"post_slider_layout_featured_media_urls":{"thumbnail":"","post_slider_layout_landscape_large":"","post_slider_layout_portrait_large":"","post_slider_layout_square_large":"","post_slider_layout_landscape":"","post_slider_layout_portrait":"","post_slider_layout_square":"","full":""},"yoast_head":"<!-- This site is optimized with the Yoast SEO plugin v24.9 - https:\/\/yoast.com\/wordpress\/plugins\/seo\/ -->\n<title>report Cebia - ncar.cz<\/title>\n<meta name=\"robots\" content=\"index, follow, max-snippet:-1, max-image-preview:large, max-video-preview:-1\" \/>\n<link rel=\"canonical\" href=\"https:\/\/ncar.cz\/cze\/report-cebia\/\" \/>\n<meta property=\"og:locale\" content=\"cs_CZ\" \/>\n<meta property=\"og:type\" content=\"article\" \/>\n<meta property=\"og:title\" content=\"report Cebia - ncar.cz\" \/>\n<meta property=\"og:description\" content=\"dovolujeme si V\u00e1s informovat o mo\u017enosti ov\u011b\u0159en\u00ed p\u016fvodu a historie kupovan\u00e9ho vozidla Spojili jsme se s \u010deskou spole\u010dnost\u00ed Cebia,&nbsp;kter\u00e1 je ji\u017e v\u00edce jak 20 let leaderem na trhu v prov\u011b\u0159ov\u00e1n\u00ed p\u016fvodu a historie ojet\u00fdch vozidel a p\u0159ipravili mo\u017enost ov\u011b\u0159en\u00ed historie vozidla syst\u00e9mem&nbsp;AUTOTRACER&nbsp;se slevou 100,- K\u010d VIN k\u00f3d&nbsp;&#8211; Vehicle Identification Number (neboli identifika\u010dn\u00ed \u010d\u00edslo vozidla) je [&hellip;]\" \/>\n<meta property=\"og:url\" content=\"https:\/\/ncar.cz\/cze\/report-cebia\/\" \/>\n<meta property=\"og:site_name\" content=\"ncar.cz\" \/>\n<meta property=\"article:modified_time\" content=\"2022-10-02T16:11:48+00:00\" \/>\n<meta property=\"og:image\" content=\"https:\/\/ncar.cz\/cze\/wp-content\/uploads\/2022\/09\/logo-cebia_125.jpg\" \/>\n<meta name=\"twitter:card\" content=\"summary_large_image\" \/>\n<meta name=\"twitter:label1\" content=\"Odhadovan\u00e1 doba \u010dten\u00ed\" \/>\n\t<meta name=\"twitter:data1\" content=\"3 minuty\" \/>\n<script type=\"application\/ld+json\" class=\"yoast-schema-graph\">{\"@context\":\"https:\/\/schema.org\",\"@graph\":[{\"@type\":\"WebPage\",\"@id\":\"https:\/\/ncar.cz\/cze\/report-cebia\/\",\"url\":\"https:\/\/ncar.cz\/cze\/report-cebia\/\",\"name\":\"report Cebia - ncar.cz\",\"isPartOf\":{\"@id\":\"https:\/\/ncar.cz\/cze\/#website\"},\"primaryImageOfPage\":{\"@id\":\"https:\/\/ncar.cz\/cze\/report-cebia\/#primaryimage\"},\"image\":{\"@id\":\"https:\/\/ncar.cz\/cze\/report-cebia\/#primaryimage\"},\"thumbnailUrl\":\"https:\/\/ncar.cz\/cze\/wp-content\/uploads\/2022\/09\/logo-cebia_125.jpg\",\"datePublished\":\"2022-09-18T17:39:13+00:00\",\"dateModified\":\"2022-10-02T16:11:48+00:00\",\"breadcrumb\":{\"@id\":\"https:\/\/ncar.cz\/cze\/report-cebia\/#breadcrumb\"},\"inLanguage\":\"cs\",\"potentialAction\":[{\"@type\":\"ReadAction\",\"target\":[\"https:\/\/ncar.cz\/cze\/report-cebia\/\"]}]},{\"@type\":\"ImageObject\",\"inLanguage\":\"cs\",\"@id\":\"https:\/\/ncar.cz\/cze\/report-cebia\/#primaryimage\",\"url\":\"https:\/\/ncar.cz\/cze\/wp-content\/uploads\/2022\/09\/logo-cebia_125.jpg\",\"contentUrl\":\"https:\/\/ncar.cz\/cze\/wp-content\/uploads\/2022\/09\/logo-cebia_125.jpg\",\"width\":125,\"height\":125},{\"@type\":\"BreadcrumbList\",\"@id\":\"https:\/\/ncar.cz\/cze\/report-cebia\/#breadcrumb\",\"itemListElement\":[{\"@type\":\"ListItem\",\"position\":1,\"name\":\"Dom\u016f\",\"item\":\"https:\/\/ncar.cz\/cze\/\"},{\"@type\":\"ListItem\",\"position\":2,\"name\":\"report Cebia\"}]},{\"@type\":\"WebSite\",\"@id\":\"https:\/\/ncar.cz\/cze\/#website\",\"url\":\"https:\/\/ncar.cz\/cze\/\",\"name\":\"ncar.cz\",\"description\":\"autobazar\",\"publisher\":{\"@id\":\"https:\/\/ncar.cz\/cze\/#organization\"},\"potentialAction\":[{\"@type\":\"SearchAction\",\"target\":{\"@type\":\"EntryPoint\",\"urlTemplate\":\"https:\/\/ncar.cz\/cze\/?s={search_term_string}\"},\"query-input\":{\"@type\":\"PropertyValueSpecification\",\"valueRequired\":true,\"valueName\":\"search_term_string\"}}],\"inLanguage\":\"cs\"},{\"@type\":\"Organization\",\"@id\":\"https:\/\/ncar.cz\/cze\/#organization\",\"name\":\"ncar.cz\",\"url\":\"https:\/\/ncar.cz\/cze\/\",\"logo\":{\"@type\":\"ImageObject\",\"inLanguage\":\"cs\",\"@id\":\"https:\/\/ncar.cz\/cze\/#\/schema\/logo\/image\/\",\"url\":\"https:\/\/ncar.cz\/cze\/wp-content\/uploads\/2022\/10\/cropped-logo.png\",\"contentUrl\":\"https:\/\/ncar.cz\/cze\/wp-content\/uploads\/2022\/10\/cropped-logo.png\",\"width\":240,\"height\":120,\"caption\":\"ncar.cz\"},\"image\":{\"@id\":\"https:\/\/ncar.cz\/cze\/#\/schema\/logo\/image\/\"}}]}<\/script>\n<!-- \/ Yoast SEO plugin. -->","yoast_head_json":{"title":"report Cebia - ncar.cz","robots":{"index":"index","follow":"follow","max-snippet":"max-snippet:-1","max-image-preview":"max-image-preview:large","max-video-preview":"max-video-preview:-1"},"canonical":"https:\/\/ncar.cz\/cze\/report-cebia\/","og_locale":"cs_CZ","og_type":"article","og_title":"report Cebia - ncar.cz","og_description":"dovolujeme si V\u00e1s informovat o mo\u017enosti ov\u011b\u0159en\u00ed p\u016fvodu a historie kupovan\u00e9ho vozidla Spojili jsme se s \u010deskou spole\u010dnost\u00ed Cebia,&nbsp;kter\u00e1 je ji\u017e v\u00edce jak 20 let leaderem na trhu v prov\u011b\u0159ov\u00e1n\u00ed p\u016fvodu a historie ojet\u00fdch vozidel a p\u0159ipravili mo\u017enost ov\u011b\u0159en\u00ed historie vozidla syst\u00e9mem&nbsp;AUTOTRACER&nbsp;se slevou 100,- K\u010d VIN k\u00f3d&nbsp;&#8211; Vehicle Identification Number (neboli identifika\u010dn\u00ed \u010d\u00edslo vozidla) je [&hellip;]","og_url":"https:\/\/ncar.cz\/cze\/report-cebia\/","og_site_name":"ncar.cz","article_modified_time":"2022-10-02T16:11:48+00:00","og_image":[{"url":"https:\/\/ncar.cz\/cze\/wp-content\/uploads\/2022\/09\/logo-cebia_125.jpg","type":"","width":"","height":""}],"twitter_card":"summary_large_image","twitter_misc":{"Odhadovan\u00e1 doba \u010dten\u00ed":"3 minuty"},"schema":{"@context":"https:\/\/schema.org","@graph":[{"@type":"WebPage","@id":"https:\/\/ncar.cz\/cze\/report-cebia\/","url":"https:\/\/ncar.cz\/cze\/report-cebia\/","name":"report Cebia - ncar.cz","isPartOf":{"@id":"https:\/\/ncar.cz\/cze\/#website"},"primaryImageOfPage":{"@id":"https:\/\/ncar.cz\/cze\/report-cebia\/#primaryimage"},"image":{"@id":"https:\/\/ncar.cz\/cze\/report-cebia\/#primaryimage"},"thumbnailUrl":"https:\/\/ncar.cz\/cze\/wp-content\/uploads\/2022\/09\/logo-cebia_125.jpg","datePublished":"2022-09-18T17:39:13+00:00","dateModified":"2022-10-02T16:11:48+00:00","breadcrumb":{"@id":"https:\/\/ncar.cz\/cze\/report-cebia\/#breadcrumb"},"inLanguage":"cs","potentialAction":[{"@type":"ReadAction","target":["https:\/\/ncar.cz\/cze\/report-cebia\/"]}]},{"@type":"ImageObject","inLanguage":"cs","@id":"https:\/\/ncar.cz\/cze\/report-cebia\/#primaryimage","url":"https:\/\/ncar.cz\/cze\/wp-content\/uploads\/2022\/09\/logo-cebia_125.jpg","contentUrl":"https:\/\/ncar.cz\/cze\/wp-content\/uploads\/2022\/09\/logo-cebia_125.jpg","width":125,"height":125},{"@type":"BreadcrumbList","@id":"https:\/\/ncar.cz\/cze\/report-cebia\/#breadcrumb","itemListElement":[{"@type":"ListItem","position":1,"name":"Dom\u016f","item":"https:\/\/ncar.cz\/cze\/"},{"@type":"ListItem","position":2,"name":"report Cebia"}]},{"@type":"WebSite","@id":"https:\/\/ncar.cz\/cze\/#website","url":"https:\/\/ncar.cz\/cze\/","name":"ncar.cz","description":"autobazar","publisher":{"@id":"https:\/\/ncar.cz\/cze\/#organization"},"potentialAction":[{"@type":"SearchAction","target":{"@type":"EntryPoint","urlTemplate":"https:\/\/ncar.cz\/cze\/?s={search_term_string}"},"query-input":{"@type":"PropertyValueSpecification","valueRequired":true,"valueName":"search_term_string"}}],"inLanguage":"cs"},{"@type":"Organization","@id":"https:\/\/ncar.cz\/cze\/#organization","name":"ncar.cz","url":"https:\/\/ncar.cz\/cze\/","logo":{"@type":"ImageObject","inLanguage":"cs","@id":"https:\/\/ncar.cz\/cze\/#\/schema\/logo\/image\/","url":"https:\/\/ncar.cz\/cze\/wp-content\/uploads\/2022\/10\/cropped-logo.png","contentUrl":"https:\/\/ncar.cz\/cze\/wp-content\/uploads\/2022\/10\/cropped-logo.png","width":240,"height":120,"caption":"ncar.cz"},"image":{"@id":"https:\/\/ncar.cz\/cze\/#\/schema\/logo\/image\/"}}]}},"_links":{"self":[{"href":"https:\/\/ncar.cz\/cze\/wp-json\/wp\/v2\/pages\/84","targetHints":{"allow":["GET"]}}],"collection":[{"href":"https:\/\/ncar.cz\/cze\/wp-json\/wp\/v2\/pages"}],"about":[{"href":"https:\/\/ncar.cz\/cze\/wp-json\/wp\/v2\/types\/page"}],"author":[{"embeddable":true,"href":"https:\/\/ncar.cz\/cze\/wp-json\/wp\/v2\/users\/1"}],"replies":[{"embeddable":true,"href":"https:\/\/ncar.cz\/cze\/wp-json\/wp\/v2\/comments?post=84"}],"version-history":[{"count":51,"href":"https:\/\/ncar.cz\/cze\/wp-json\/wp\/v2\/pages\/84\/revisions"}],"predecessor-version":[{"id":615,"href":"https:\/\/ncar.cz\/cze\/wp-json\/wp\/v2\/pages\/84\/revisions\/615"}],"wp:attachment":[{"href":"https:\/\/ncar.cz\/cze\/wp-json\/wp\/v2\/media?parent=84"}],"curies":[{"name":"wp","href":"https:\/\/api.w.org\/{rel}","templated":true}]}}